{"id":24,"date":"2018-04-20T13:42:16","date_gmt":"2018-04-20T18:42:16","guid":{"rendered":"http:\/\/laserleon.com\/web\/?page_id=24"},"modified":"2018-04-27T10:54:28","modified_gmt":"2018-04-27T15:54:28","slug":"faq","status":"publish","type":"page","link":"https:\/\/laserleon.com\/web\/faq\/","title":{"rendered":"FAQ"},"content":{"rendered":"<p style=\"text-align: center;\">Resuelva sus dudas acerca de nuestros servicios, el proceso, tipo de materiales, costos, etc.<\/p>\n<p>&nbsp;<\/p>\n<h2 class=\"entry-title\">\u00bfC\u00f3mo funciona el corte y grabado l\u00e1ser?<\/h2>\n<p><img loading=\"lazy\" decoding=\"async\" class=\"size-medium wp-image-173 aligncenter\" src=\"https:\/\/laserleon.com\/web\/wp-content\/uploads\/2018\/04\/maquina-de-corte-y-grabado-laser-900x600mm-80w-13546-MLU3254517487_102012-F54cc746b73681-1024x768-300x225.jpg\" alt=\"\" width=\"300\" height=\"225\" srcset=\"https:\/\/laserleon.com\/web\/wp-content\/uploads\/2018\/04\/maquina-de-corte-y-grabado-laser-900x600mm-80w-13546-MLU3254517487_102012-F54cc746b73681-1024x768-300x225.jpg 300w, https:\/\/laserleon.com\/web\/wp-content\/uploads\/2018\/04\/maquina-de-corte-y-grabado-laser-900x600mm-80w-13546-MLU3254517487_102012-F54cc746b73681-1024x768-768x576.jpg 768w, https:\/\/laserleon.com\/web\/wp-content\/uploads\/2018\/04\/maquina-de-corte-y-grabado-laser-900x600mm-80w-13546-MLU3254517487_102012-F54cc746b73681-1024x768.jpg 1024w\" sizes=\"(max-width: 300px) 100vw, 300px\" \/><\/p>\n<p>A partir de dibujos vectoriales en CorelDraw, se ordenan y crean las l\u00edneas de dibujo que el l\u00e1ser interpreta y sigue. Para ello es importante separar las l\u00edneas de corte de las de grabado (relleno) y trazo vectorial o marcado.<\/p>\n<p>&nbsp;<\/p>\n<h2 class=\"entry-title\" style=\"text-align: right;\">\u00bfQu\u00e9 materiales puedo cortar?<\/h2>\n<p><img loading=\"lazy\" decoding=\"async\" class=\"size-medium wp-image-174 alignleft\" src=\"https:\/\/laserleon.com\/web\/wp-content\/uploads\/2018\/04\/collage-1-175x300.png\" alt=\"\" width=\"175\" height=\"300\" srcset=\"https:\/\/laserleon.com\/web\/wp-content\/uploads\/2018\/04\/collage-1-175x300.png 175w, https:\/\/laserleon.com\/web\/wp-content\/uploads\/2018\/04\/collage-1.png 237w\" sizes=\"(max-width: 175px) 100vw, 175px\" \/><\/p>\n<p>&nbsp;<\/p>\n<p class=\"text-justify\">Papel, cart\u00f3n, papel bater\u00eda, acr\u00edlico, pl\u00e1stico, estireno, trovicel, formaica, madera, triplay, MDF y m\u00e1s.<\/p>\n<p class=\"text-justify\">NO CORTAMOS NING\u00daN TIPO DE METAL, PIEDRA, CRISTAL O VIDRIO, \u00fanicamente grabado para estos materiales.<\/p>\n<p>&nbsp;<\/p>\n<p>&nbsp;<\/p>\n<p>&nbsp;<\/p>\n<p>&nbsp;<\/p>\n<p>&nbsp;<\/p>\n<h2 class=\"entry-title\">\u00bfQu\u00e9 efectos puedo lograr con l\u00e1ser?<\/h2>\n<p><a href=\"https:\/\/laserleon.com\/web\/wp-content\/uploads\/2018\/04\/efectos.jpg\"><img loading=\"lazy\" decoding=\"async\" class=\"alignright wp-image-175 size-medium\" src=\"https:\/\/laserleon.com\/web\/wp-content\/uploads\/2018\/04\/efectos-300x225.jpg\" alt=\"\" width=\"300\" height=\"225\" srcset=\"https:\/\/laserleon.com\/web\/wp-content\/uploads\/2018\/04\/efectos-300x225.jpg 300w, https:\/\/laserleon.com\/web\/wp-content\/uploads\/2018\/04\/efectos-768x576.jpg 768w, https:\/\/laserleon.com\/web\/wp-content\/uploads\/2018\/04\/efectos.jpg 776w\" sizes=\"(max-width: 300px) 100vw, 300px\" \/><\/a><\/p>\n<p>Los m\u00e1s usados son:<\/p>\n<p><strong>CORTE:<\/strong>\u00a0El l\u00e1ser sigue cada l\u00ednea, atravesando por completo el material.<\/p>\n<p><strong>TRAZO<\/strong>: El l\u00e1ser sigue cada l\u00ednea sin cortar, con la profundidad que se indique.<\/p>\n<p><strong>GRABADO o Marcado:<\/strong>\u00a0El l\u00e1ser rellena \u00fanicamente, \u00e1reas cerradas, desbastando con la profundidad indicada.<\/p>\n<p>&nbsp;<\/p>\n<p>&nbsp;<\/p>\n<h2 class=\"entry-title\">\u00bfCu\u00e1nto cuesta cortar con l\u00e1ser?<\/h2>\n<p>Cobramos\u00a0<em>por tiempo<\/em>\u00a0de corte o grabado, por esto es muy importante que tu dibujo no tenga l\u00edneas\u00a0<em>duplicadas<\/em>, estas aumentan el tiempo de corte y provocan mayor degaste al material.<\/p>\n<p>Hay factores que determinan el costo: a mayor n\u00famero de l\u00edneas o curvas y espesor o dureza del material, mayor ser\u00e1 el tiempo de corte y costo. Por ejemplo: un c\u00edrculo de 15cm de di\u00e1metro puede cortarse en 4 segundos o en 40 segundos dependiendo del material. El costo por minuto es de 5 pesos.<\/p>\n<p>Para estimar un costo y tiempo de entrega,\u00a0es necesario\u00a0ver tu dibujo y conocer el tipo de material.<br \/>\nEs importante consultar los horarios ordinarios de corte, ya que los horarios extraordinarios tienen un costo diferente.<\/p>\n<p>Consideramos la cantidad de trabajo por volumen para mejorar precios.<\/p>\n","protected":false},"excerpt":{"rendered":"<p>Resuelva sus dudas acerca de nuestros servicios, el proceso, tipo de materiales, costos, etc. &nbsp; \u00bfC\u00f3mo funciona el corte y grabado l\u00e1ser? A partir de dibujos vectoriales en CorelDraw, se ordenan y crean las l\u00edneas de dibujo que el l\u00e1ser interpreta y sigue. Para ello es importante separar las l\u00edneas de corte de las de [&hellip;]<\/p>\n","protected":false},"author":2,"featured_media":0,"parent":0,"menu_order":0,"comment_status":"closed","ping_status":"closed","template":"","meta":{"footnotes":""},"_links":{"self":[{"href":"https:\/\/laserleon.com\/web\/wp-json\/wp\/v2\/pages\/24"}],"collection":[{"href":"https:\/\/laserleon.com\/web\/wp-json\/wp\/v2\/pages"}],"about":[{"href":"https:\/\/laserleon.com\/web\/wp-json\/wp\/v2\/types\/page"}],"author":[{"embeddable":true,"href":"https:\/\/laserleon.com\/web\/wp-json\/wp\/v2\/users\/2"}],"replies":[{"embeddable":true,"href":"https:\/\/laserleon.com\/web\/wp-json\/wp\/v2\/comments?post=24"}],"version-history":[{"count":11,"href":"https:\/\/laserleon.com\/web\/wp-json\/wp\/v2\/pages\/24\/revisions"}],"predecessor-version":[{"id":184,"href":"https:\/\/laserleon.com\/web\/wp-json\/wp\/v2\/pages\/24\/revisions\/184"}],"wp:attachment":[{"href":"https:\/\/laserleon.com\/web\/wp-json\/wp\/v2\/media?parent=24"}],"curies":[{"name":"wp","href":"https:\/\/api.w.org\/{rel}","templated":true}]}}