{"id":20,"date":"2018-04-20T13:41:55","date_gmt":"2018-04-20T18:41:55","guid":{"rendered":"http:\/\/laserleon.com\/web\/?page_id=20"},"modified":"2018-04-27T10:41:19","modified_gmt":"2018-04-27T15:41:19","slug":"servicios","status":"publish","type":"page","link":"https:\/\/laserleon.com\/web\/servicios\/","title":{"rendered":"Servicios"},"content":{"rendered":"<h3 class=\"column-title\">Corte con l\u00e1ser<\/h3>\n<p><a href=\"https:\/\/laserleon.com\/web\/wp-content\/uploads\/2018\/04\/BESTIDO-LASER.jpg\"><img loading=\"lazy\" decoding=\"async\" class=\"alignnone wp-image-139\" src=\"https:\/\/laserleon.com\/web\/wp-content\/uploads\/2018\/04\/BESTIDO-LASER.jpg\" alt=\"\" width=\"141\" height=\"180\" \/><\/a><a href=\"https:\/\/laserleon.com\/web\/wp-content\/uploads\/2018\/04\/Reloj-madera.jpg\"><img loading=\"lazy\" decoding=\"async\" class=\"alignnone wp-image-140\" src=\"https:\/\/laserleon.com\/web\/wp-content\/uploads\/2018\/04\/Reloj-madera-257x300.jpg\" alt=\"\" width=\"154\" height=\"180\" srcset=\"https:\/\/laserleon.com\/web\/wp-content\/uploads\/2018\/04\/Reloj-madera-257x300.jpg 257w, https:\/\/laserleon.com\/web\/wp-content\/uploads\/2018\/04\/Reloj-madera.jpg 295w\" sizes=\"(max-width: 154px) 100vw, 154px\" \/><\/a><a href=\"https:\/\/laserleon.com\/web\/wp-content\/uploads\/2018\/04\/Fajo.jpg\"><img loading=\"lazy\" decoding=\"async\" class=\"alignnone wp-image-141\" src=\"https:\/\/laserleon.com\/web\/wp-content\/uploads\/2018\/04\/Fajo-300x225.jpg\" alt=\"\" width=\"226\" height=\"169\" srcset=\"https:\/\/laserleon.com\/web\/wp-content\/uploads\/2018\/04\/Fajo-300x225.jpg 300w, https:\/\/laserleon.com\/web\/wp-content\/uploads\/2018\/04\/Fajo.jpg 500w\" sizes=\"(max-width: 226px) 100vw, 226px\" \/><\/a><a href=\"https:\/\/laserleon.com\/web\/wp-content\/uploads\/2018\/04\/SAM_2451.jpg\"><img loading=\"lazy\" decoding=\"async\" class=\"alignnone wp-image-142\" src=\"https:\/\/laserleon.com\/web\/wp-content\/uploads\/2018\/04\/SAM_2451-271x300.jpg\" alt=\"\" width=\"163\" height=\"180\" srcset=\"https:\/\/laserleon.com\/web\/wp-content\/uploads\/2018\/04\/SAM_2451-271x300.jpg 271w, https:\/\/laserleon.com\/web\/wp-content\/uploads\/2018\/04\/SAM_2451.jpg 694w\" sizes=\"(max-width: 163px) 100vw, 163px\" \/><\/a><\/p>\n<p class=\"text-justify\">Laser Le\u00f3n tiene diferentes m\u00e1quinas para corte\u00a0 y\/o grabado para la industria textil, bolsos y chinelas para calzado (sandalia, zapatilla), en telas, sint\u00e9ticos, pieles y aplicaciones, fajos y accesorios para satisfacer las nuevas tendencias de la moda, las cuales tienen la facilidad de cortar los siguientes materiales y grosores:<\/p>\n<ul>\n<li>Pieles de varios espesores: charol, cabra, ternera, ante, oscaria, cerdo, etc.<\/li>\n<li>Piel con forro natural o sint\u00e9tico<\/li>\n<li>Textiles: algod\u00f3n, terciopelo, durazno, ray\u00f3n, lona<\/li>\n<li>Acr\u00edlico 0.5 mm a 8 mm<\/li>\n<li>MDF 3 mm a 6 mm<\/li>\n<li>Suela 2 mm a 8 mm<\/li>\n<li>Vaqueta 2 mm a 6 mm<\/li>\n<\/ul>\n<p>Foamy, papel, cart\u00f3n, papel bater\u00eda, pl\u00e1stico, vinil, estireno, trovicel, formaica, madera, triplay y m\u00e1s, desde 0.1 mm hasta 8 mm.<\/p>\n<p>&nbsp;<\/p>\n<h3 class=\"column-title\">Grabado con l\u00e1ser<\/h3>\n<p><a href=\"https:\/\/laserleon.com\/web\/wp-content\/uploads\/2018\/04\/grabado1.jpg\"><img loading=\"lazy\" decoding=\"async\" class=\"alignnone wp-image-146\" src=\"https:\/\/laserleon.com\/web\/wp-content\/uploads\/2018\/04\/grabado1.jpg\" alt=\"\" width=\"200\" height=\"200\" srcset=\"https:\/\/laserleon.com\/web\/wp-content\/uploads\/2018\/04\/grabado1.jpg 300w, https:\/\/laserleon.com\/web\/wp-content\/uploads\/2018\/04\/grabado1-150x150.jpg 150w, https:\/\/laserleon.com\/web\/wp-content\/uploads\/2018\/04\/grabado1-75x75.jpg 75w, https:\/\/laserleon.com\/web\/wp-content\/uploads\/2018\/04\/grabado1-235x235.jpg 235w, https:\/\/laserleon.com\/web\/wp-content\/uploads\/2018\/04\/grabado1-90x90.jpg 90w\" sizes=\"(max-width: 200px) 100vw, 200px\" \/><\/a><a href=\"https:\/\/laserleon.com\/web\/wp-content\/uploads\/2018\/04\/grabado3.jpg\"><img loading=\"lazy\" decoding=\"async\" class=\"alignnone wp-image-147\" src=\"https:\/\/laserleon.com\/web\/wp-content\/uploads\/2018\/04\/grabado3-300x225.jpg\" alt=\"\" width=\"267\" height=\"200\" srcset=\"https:\/\/laserleon.com\/web\/wp-content\/uploads\/2018\/04\/grabado3-300x225.jpg 300w, https:\/\/laserleon.com\/web\/wp-content\/uploads\/2018\/04\/grabado3.jpg 612w\" sizes=\"(max-width: 267px) 100vw, 267px\" \/><\/a><a href=\"https:\/\/laserleon.com\/web\/wp-content\/uploads\/2018\/04\/grabado_2.jpg\"><img loading=\"lazy\" decoding=\"async\" class=\"alignnone wp-image-151\" src=\"https:\/\/laserleon.com\/web\/wp-content\/uploads\/2018\/04\/grabado_2-300x283.jpg\" alt=\"\" width=\"212\" height=\"200\" srcset=\"https:\/\/laserleon.com\/web\/wp-content\/uploads\/2018\/04\/grabado_2-300x283.jpg 300w, https:\/\/laserleon.com\/web\/wp-content\/uploads\/2018\/04\/grabado_2.jpg 517w\" sizes=\"(max-width: 212px) 100vw, 212px\" \/><\/a><\/p>\n<p>Podemos cortar y grabar b\u00e1sicamente todo tipo de materiales planos. As\u00ed como para la industria textil y del calzado, realizamos tambi\u00e9n grabados y cortes en acr\u00edlico para diversos productos, para la elaboraci\u00f3n de anuncios luminosos LED para publicidad, personalizamos promocionales con el logotipo empresarial deseado as\u00ed como con los nombres de los clientes (llaveros, agendas, etc.), recuerdos y regalos en madera para toda ocasi\u00f3n y Artesan\u00edas. Cortamos y grabamos MDF y triplay para hacer madera country.<\/p>\n<p>&nbsp;<\/p>\n<h3 class=\"column-title\">Pedrer\u00eda<\/h3>\n<p><a href=\"https:\/\/laserleon.com\/web\/wp-content\/uploads\/2018\/04\/LASER-PIC-4.jpg\"><img loading=\"lazy\" decoding=\"async\" class=\"alignnone wp-image-154 size-full\" src=\"https:\/\/laserleon.com\/web\/wp-content\/uploads\/2018\/04\/LASER-PIC-4.jpg\" alt=\"\" width=\"116\" height=\"105\" srcset=\"https:\/\/laserleon.com\/web\/wp-content\/uploads\/2018\/04\/LASER-PIC-4.jpg 116w, https:\/\/laserleon.com\/web\/wp-content\/uploads\/2018\/04\/LASER-PIC-4-60x55.jpg 60w\" sizes=\"(max-width: 116px) 100vw, 116px\" \/><\/a><a href=\"https:\/\/laserleon.com\/web\/wp-content\/uploads\/2018\/04\/LASER-PIC-3.jpg\"><img loading=\"lazy\" decoding=\"async\" class=\"alignnone wp-image-155 size-full\" src=\"https:\/\/laserleon.com\/web\/wp-content\/uploads\/2018\/04\/LASER-PIC-3.jpg\" alt=\"\" width=\"105\" height=\"105\" srcset=\"https:\/\/laserleon.com\/web\/wp-content\/uploads\/2018\/04\/LASER-PIC-3.jpg 105w, https:\/\/laserleon.com\/web\/wp-content\/uploads\/2018\/04\/LASER-PIC-3-75x75.jpg 75w, https:\/\/laserleon.com\/web\/wp-content\/uploads\/2018\/04\/LASER-PIC-3-90x90.jpg 90w\" sizes=\"(max-width: 105px) 100vw, 105px\" \/><\/a><a href=\"https:\/\/laserleon.com\/web\/wp-content\/uploads\/2018\/04\/LASER-PIC-5.jpg\"><img loading=\"lazy\" decoding=\"async\" class=\"alignnone wp-image-156 size-full\" src=\"https:\/\/laserleon.com\/web\/wp-content\/uploads\/2018\/04\/LASER-PIC-5.jpg\" alt=\"\" width=\"133\" height=\"105\" \/><\/a><\/p>\n<p>Para decoraci\u00f3n y realce de la apariencia de calzado (no en piel), bolsos o prendas de vestir, nosotros ofrecemos este servicio de planchado de pedrer\u00eda y cristales de diversas figuras, tama\u00f1os y tonalidades de colores, plateadas, tornasol, oro, etc.<\/p>\n<p>&nbsp;<\/p>\n<h3 class=\"column-title\">Dise\u00f1o y Desarrollo<\/h3>\n<p><a href=\"https:\/\/laserleon.com\/web\/wp-content\/uploads\/2018\/04\/SAM_2427.jpg\"><img loading=\"lazy\" decoding=\"async\" class=\"alignnone wp-image-157\" src=\"https:\/\/laserleon.com\/web\/wp-content\/uploads\/2018\/04\/SAM_2427.jpg\" alt=\"\" width=\"147\" height=\"130\" \/><\/a><a href=\"https:\/\/laserleon.com\/web\/wp-content\/uploads\/2018\/04\/SAM_2438.jpg\"><img loading=\"lazy\" decoding=\"async\" class=\"alignnone wp-image-158\" src=\"https:\/\/laserleon.com\/web\/wp-content\/uploads\/2018\/04\/SAM_2438.jpg\" alt=\"\" width=\"147\" height=\"130\" \/><\/a><a href=\"https:\/\/laserleon.com\/web\/wp-content\/uploads\/2018\/04\/SAM_2446.jpg\"><img loading=\"lazy\" decoding=\"async\" class=\"alignnone wp-image-159\" src=\"https:\/\/laserleon.com\/web\/wp-content\/uploads\/2018\/04\/SAM_2446.jpg\" alt=\"\" width=\"142\" height=\"130\" srcset=\"https:\/\/laserleon.com\/web\/wp-content\/uploads\/2018\/04\/SAM_2446.jpg 115w, https:\/\/laserleon.com\/web\/wp-content\/uploads\/2018\/04\/SAM_2446-60x55.jpg 60w\" sizes=\"(max-width: 142px) 100vw, 142px\" \/><\/a><\/p>\n<p>Movi\u00e9ndonos hacia las tendencias de moda, L\u00e1ser Le\u00f3n siempre se ha preocupado por brindar a sus clientes adem\u00e1s de soluciones integrales a todas sus necesidades, orientaci\u00f3n y asesor\u00eda para actualizar sus estilos y renovar las l\u00edneas de modelaje, lo cual nos ha distinguido y que nos ha significado la preferencia de nuestros clientes a lo largo de este tiempo. Para la realizaci\u00f3n de trabajos de nuestros clientes que ya tienen la idea del dise\u00f1o que desean nosotros les ayudamos a definirlo, y tambi\u00e9n adaptamos dise\u00f1os a partir de una muestra, de un archivo de imagen o fotograf\u00eda impresa.<\/p>\n<p>&nbsp;<\/p>\n<p>&nbsp;<\/p>\n<h3 class=\"column-title\">Domado Nuevo servicio con choque termico<\/h3>\n<p><a href=\"https:\/\/laserleon.com\/web\/wp-content\/uploads\/2018\/04\/domado1.jpg\"><img loading=\"lazy\" decoding=\"async\" class=\"alignnone wp-image-160 size-full\" src=\"https:\/\/laserleon.com\/web\/wp-content\/uploads\/2018\/04\/domado1.jpg\" alt=\"\" width=\"143\" height=\"105\" \/><\/a><a href=\"https:\/\/laserleon.com\/web\/wp-content\/uploads\/2018\/04\/domado3.jpg\"><img loading=\"lazy\" decoding=\"async\" class=\"alignnone wp-image-161 size-full\" src=\"https:\/\/laserleon.com\/web\/wp-content\/uploads\/2018\/04\/domado3.jpg\" alt=\"\" width=\"79\" height=\"105\" \/><\/a><a href=\"https:\/\/laserleon.com\/web\/wp-content\/uploads\/2018\/04\/domado2.jpg\"><img loading=\"lazy\" decoding=\"async\" class=\"alignnone wp-image-162 size-full\" src=\"https:\/\/laserleon.com\/web\/wp-content\/uploads\/2018\/04\/domado2.jpg\" alt=\"\" width=\"124\" height=\"105\" \/><\/a><\/p>\n<p>Contamos con Maquinaria para domar (moldear y estabilizar) palas para botas, su funci\u00f3n es lograr un adecuado posicionamiento y calidad en el conformado de la pala sin maltratar la piel adem\u00e1s de que las botas y zapatos adquieren una imagen elegante y m\u00e1s fina. Tenemos los precios m\u00e1s competitivos y mano de obra calificada con m\u00e1s experiencia en Guadalajara en la maquila de domado.<\/p>\n","protected":false},"excerpt":{"rendered":"<p>Corte con l\u00e1ser Laser Le\u00f3n tiene diferentes m\u00e1quinas para corte\u00a0 y\/o grabado para la industria textil, bolsos y chinelas para calzado (sandalia, zapatilla), en telas, sint\u00e9ticos, pieles y aplicaciones, fajos y accesorios para satisfacer las nuevas tendencias de la moda, las cuales tienen la facilidad de cortar los siguientes materiales y grosores: Pieles de varios [&hellip;]<\/p>\n","protected":false},"author":2,"featured_media":0,"parent":0,"menu_order":0,"comment_status":"closed","ping_status":"closed","template":"","meta":{"footnotes":""},"_links":{"self":[{"href":"https:\/\/laserleon.com\/web\/wp-json\/wp\/v2\/pages\/20"}],"collection":[{"href":"https:\/\/laserleon.com\/web\/wp-json\/wp\/v2\/pages"}],"about":[{"href":"https:\/\/laserleon.com\/web\/wp-json\/wp\/v2\/types\/page"}],"author":[{"embeddable":true,"href":"https:\/\/laserleon.com\/web\/wp-json\/wp\/v2\/users\/2"}],"replies":[{"embeddable":true,"href":"https:\/\/laserleon.com\/web\/wp-json\/wp\/v2\/comments?post=20"}],"version-history":[{"count":9,"href":"https:\/\/laserleon.com\/web\/wp-json\/wp\/v2\/pages\/20\/revisions"}],"predecessor-version":[{"id":164,"href":"https:\/\/laserleon.com\/web\/wp-json\/wp\/v2\/pages\/20\/revisions\/164"}],"wp:attachment":[{"href":"https:\/\/laserleon.com\/web\/wp-json\/wp\/v2\/media?parent=20"}],"curies":[{"name":"wp","href":"https:\/\/api.w.org\/{rel}","templated":true}]}}