{"id":18,"date":"2018-04-20T13:41:45","date_gmt":"2018-04-20T18:41:45","guid":{"rendered":"http:\/\/laserleon.com\/web\/?page_id=18"},"modified":"2018-04-27T10:15:08","modified_gmt":"2018-04-27T15:15:08","slug":"aplicaciones","status":"publish","type":"page","link":"https:\/\/laserleon.com\/web\/aplicaciones\/","title":{"rendered":"Aplicaciones"},"content":{"rendered":"<div class=\"media service-box wow fadeInRight animated\">\n<div class=\"media-body\">\n<h4 class=\"media-heading\">Corte<\/h4>\n<p>Pieles, pl\u00e1sticos, madera, acr\u00edlicos, letras, chinelas para calzado, telas. Aplicaciones: plantillas, trofeos y placas, reconocimientos, art\u00edculos de regalo, accesorios de escritorio, prototipos en 2D, artesan\u00eda y manualidades, m\u00e1scaras, muestras, paneles de control, maquetismo, modelismo de arquitectura, sellos de goma.<\/p>\n<\/div>\n<\/div>\n<div class=\"media service-box wow fadeInRight animated\">\n<div class=\"pull-left\"><\/div>\n<div class=\"media-body\">\n<h4 class=\"media-heading\">Grabado<\/h4>\n<p>Madera, pl\u00e1sticos, acr\u00edlicos, personalizaci\u00f3n de agendas, papel, melamina, piedra, cer\u00e1mica, metales revestidos, cart\u00f3n prensado, vinilo, vidrio, caucho, pieles, etc.<\/p>\n<p>&nbsp;<\/p>\n<p><img loading=\"lazy\" decoding=\"async\" class=\"alignnone wp-image-134 size-full\" src=\"https:\/\/laserleon.com\/web\/wp-content\/uploads\/2018\/04\/collage.png\" alt=\"\" width=\"992\" height=\"636\" srcset=\"https:\/\/laserleon.com\/web\/wp-content\/uploads\/2018\/04\/collage.png 992w, https:\/\/laserleon.com\/web\/wp-content\/uploads\/2018\/04\/collage-300x192.png 300w, https:\/\/laserleon.com\/web\/wp-content\/uploads\/2018\/04\/collage-768x492.png 768w\" sizes=\"(max-width: 992px) 100vw, 992px\" \/><\/p>\n<\/div>\n<\/div>\n","protected":false},"excerpt":{"rendered":"<p>Corte Pieles, pl\u00e1sticos, madera, acr\u00edlicos, letras, chinelas para calzado, telas. Aplicaciones: plantillas, trofeos y placas, reconocimientos, art\u00edculos de regalo, accesorios de escritorio, prototipos en 2D, artesan\u00eda y manualidades, m\u00e1scaras, muestras, paneles de control, maquetismo, modelismo de arquitectura, sellos de goma. Grabado Madera, pl\u00e1sticos, acr\u00edlicos, personalizaci\u00f3n de agendas, papel, melamina, piedra, cer\u00e1mica, metales revestidos, cart\u00f3n prensado, [&hellip;]<\/p>\n","protected":false},"author":2,"featured_media":0,"parent":0,"menu_order":0,"comment_status":"closed","ping_status":"closed","template":"","meta":{"footnotes":""},"_links":{"self":[{"href":"https:\/\/laserleon.com\/web\/wp-json\/wp\/v2\/pages\/18"}],"collection":[{"href":"https:\/\/laserleon.com\/web\/wp-json\/wp\/v2\/pages"}],"about":[{"href":"https:\/\/laserleon.com\/web\/wp-json\/wp\/v2\/types\/page"}],"author":[{"embeddable":true,"href":"https:\/\/laserleon.com\/web\/wp-json\/wp\/v2\/users\/2"}],"replies":[{"embeddable":true,"href":"https:\/\/laserleon.com\/web\/wp-json\/wp\/v2\/comments?post=18"}],"version-history":[{"count":5,"href":"https:\/\/laserleon.com\/web\/wp-json\/wp\/v2\/pages\/18\/revisions"}],"predecessor-version":[{"id":137,"href":"https:\/\/laserleon.com\/web\/wp-json\/wp\/v2\/pages\/18\/revisions\/137"}],"wp:attachment":[{"href":"https:\/\/laserleon.com\/web\/wp-json\/wp\/v2\/media?parent=18"}],"curies":[{"name":"wp","href":"https:\/\/api.w.org\/{rel}","templated":true}]}}