{"id":16,"date":"2018-04-20T13:41:37","date_gmt":"2018-04-20T18:41:37","guid":{"rendered":"http:\/\/laserleon.com\/web\/?page_id=16"},"modified":"2018-04-27T10:10:43","modified_gmt":"2018-04-27T15:10:43","slug":"nosotros","status":"publish","type":"page","link":"https:\/\/laserleon.com\/web\/","title":{"rendered":"Nosotros"},"content":{"rendered":"<h3 class=\"column-title\">\u00bfQuienes Somos?<\/h3>\n<p class=\"text-justify\">L\u00e1ser Le\u00f3n es una empresa mexicana integrada por personas comprometidas con el servicio al cliente y la productividad. Contamos con m\u00e1s de 25 a\u00f1os de experiencia en la industria del calzado de moda y accesorios de piel. Hemos dominado diferentes disciplinas creativas relacionadas en este mercado tales como perforado, grabado y domado de pieles y sint\u00e9ticos. Nos hemos dedicado a brindar un servicio profesional en donde nuestros clientes encuentren soluciones integrales de alta calidad siempre a precios competitivos.<\/p>\n<p class=\"text-justify\">En Guadalajara, en agosto de 2012, nace L\u00e1ser Le\u00f3n como resultado de las propias necesidades del sector del calzado de moda que demanda innovaci\u00f3n constante. Comenzamos por ofrecer servicios de corte con l\u00e1ser de diferentes materiales, principalmente de piel, sint\u00e9tico y textil. Hemos desarrollado una gran gama de dise\u00f1os exclusivos para fabricaci\u00f3n de calzado y estamos apoyando reconocidas marcas nacionales en los desarrollos de productos de alta calidad y moda.<\/p>\n<div class=\"row\">\n<div class=\"col-sm-6\">\n<div class=\"col-sm-6\">\n<ul class=\"nostyle\">\n<li style=\"list-style: none;\"><i class=\"fa fa-check-square\"><\/i>\u00a0Corte con l\u00e1ser<\/li>\n<li style=\"list-style: none;\"><i class=\"fa fa-check-square\"><\/i>\u00a0Pedreria<\/li>\n<li style=\"list-style: none;\"><i class=\"fa fa-check-square\"><\/i>\u00a0Grabado con l\u00e1ser<\/li>\n<li style=\"list-style: none;\"><i class=\"fa fa-check-square\"><\/i>\u00a0Dise\u00f1o y desarrollo<\/li>\n<li style=\"list-style: none;\"><i class=\"fa fa-check-square\"><\/i>\u00a0Domado<\/li>\n<li style=\"list-style: none;\"><i class=\"fa fa-check-square\"><\/i>\u00a0Bordado<\/li>\n<\/ul>\n<\/div>\n<\/div>\n<p>&nbsp;<\/p>\n<p><u><a href=\"https:\/\/laserleon.com\/web\/servicios\/\">M\u00e1s informaci\u00f3n acerca de nuestros servicios<\/a><\/u><\/p>\n<div class=\"col-sm-6\"><\/div>\n<\/div>\n","protected":false},"excerpt":{"rendered":"<p>\u00bfQuienes Somos? L\u00e1ser Le\u00f3n es una empresa mexicana integrada por personas comprometidas con el servicio al cliente y la productividad. Contamos con m\u00e1s de 25 a\u00f1os de experiencia en la industria del calzado de moda y accesorios de piel. Hemos dominado diferentes disciplinas creativas relacionadas en este mercado tales como perforado, grabado y domado de [&hellip;]<\/p>\n","protected":false},"author":2,"featured_media":0,"parent":0,"menu_order":0,"comment_status":"closed","ping_status":"closed","template":"","meta":{"footnotes":""},"_links":{"self":[{"href":"https:\/\/laserleon.com\/web\/wp-json\/wp\/v2\/pages\/16"}],"collection":[{"href":"https:\/\/laserleon.com\/web\/wp-json\/wp\/v2\/pages"}],"about":[{"href":"https:\/\/laserleon.com\/web\/wp-json\/wp\/v2\/types\/page"}],"author":[{"embeddable":true,"href":"https:\/\/laserleon.com\/web\/wp-json\/wp\/v2\/users\/2"}],"replies":[{"embeddable":true,"href":"https:\/\/laserleon.com\/web\/wp-json\/wp\/v2\/comments?post=16"}],"version-history":[{"count":15,"href":"https:\/\/laserleon.com\/web\/wp-json\/wp\/v2\/pages\/16\/revisions"}],"predecessor-version":[{"id":132,"href":"https:\/\/laserleon.com\/web\/wp-json\/wp\/v2\/pages\/16\/revisions\/132"}],"wp:attachment":[{"href":"https:\/\/laserleon.com\/web\/wp-json\/wp\/v2\/media?parent=16"}],"curies":[{"name":"wp","href":"https:\/\/api.w.org\/{rel}","templated":true}]}}